{"id":36,"date":"2010-10-04T16:01:12","date_gmt":"2010-10-04T16:01:12","guid":{"rendered":"http:\/\/www.permakultura.pl\/?page_id=36"},"modified":"2010-10-04T22:56:51","modified_gmt":"2010-10-04T22:56:51","slug":"historia","status":"publish","type":"page","link":"https:\/\/www.permakultura.pl\/?page_id=36","title":{"rendered":"Historia"},"content":{"rendered":"<p><strong>Fundacji Zr\u00f3wnowa\u017conego Rozwoju &#8222;2BS&#8221;<\/strong><\/p>\n<blockquote><p>Fundacja Zr\u00f3wnowa\u017conego Rozwoju &#8222;2BS&#8221; powsta\u0142a w 2008 r. w Brzezicach, jako niezale\u017cna organizacja pozarz\u0105dowa typu non-for-profit. Jako podstawowy cel dzia\u0142alno\u015bci, za\u0142o\u017cyciele Fundacji okre\u015blili inicjowanie i wspieranie dzia\u0142a\u0144 oraz \u015bwiadczenie us\u0142ug na rzecz zr\u00f3wnowa\u017conego rozwoju, ekologii i ochrony \u015brodowiska oraz promocji obszar\u00f3w wiejskich Lubelszczyzny, a w szczeg\u00f3lno\u015bci mikroregionu &#8222;Doliny Gie\u0142czwi&#8221; z zachowaniem krajobrazu kulturowego, r\u00f3\u017cnorodno\u015bci biologicznej i to\u017csamo\u015bci kulturowej, wp\u0142ywaj\u0105cych na sprawniejsze wykorzystanie ich potencja\u0142u rozwojowego, popraw\u0119 ich konkurencyjno\u015bci jako miejsca zamieszkania i prowadzenia dzia\u0142alno\u015bci gospodarczej, a tak\u017ce aktywizacj\u0119 oraz wsp\u00f3\u0142prac\u0119 lokalnych \u015brodowisk.<\/p><\/blockquote>\n<p>Fundacja Zr\u00f3wnowa\u017conego Rozwoju &#8222;2BS&#8221; zosta\u0142a ustanowiona aktem notarialnym sporz\u0105dzonym w Lublinie, w dniu 21 marca 2008 r. z inicjatywy Marka Wojtczaka. W dniu w 1 kwietnia 2008 r. Fundacja Zr\u00f3wnowa\u017conego Rozwoju &#8222;2BS&#8221; zosta\u0142a zarejestrowana w Krajowym Rejestrze S\u0105dowym, wpisu dokonano tak\u017ce w rejestrze przedsi\u0119biorc\u00f3w. Na dzie\u0144 dzisiejszy Fundacja nie rozpocz\u0119\u0142a dzia\u0142alno\u015bci gospodarczej. Fundacja Zr\u00f3wnowa\u017conego Rozwoju &#8222;2BS&#8221; jest organizacj\u0105 opart\u0105 na dzia\u0142alno\u015bci spo\u0142ecznej. Nasze statutowe zasoby kadrowe stanowi\u0105: jednoosobowy Zarz\u0105d i sze\u015bcioosobowa Rada Fundacji. Dzia\u0142alno\u015b\u0107 Fundacji wspiera kilkunastoosobowa grupa wolontariuszy. S\u0105 to studenci lubelskich uczelni (kierunk\u00f3w: informatyka, socjologia, dziennikarstwo, architektura krajobrazu) i przedstawiciele spo\u0142eczno\u015bci lokalnej wsi Brzezice, Brzeziczki i Siedliszczki (rady so\u0142eckie, KGW, OSP). Partnerami Fundacji s\u0105: urz\u0119dy gmin z terenu mikroregionu &#8222;Dolina Gie\u0142czwi&#8221;, Lubelski O\u015brodek Doradztwa Rolniczego w Ko\u0144skowoli, O\u015brodek Innowacji NOT w Lublinie i Agencja Rozwoju Regionalnego &#8222;Trans-Trakt&#8221; (\u017b\u00f3\u0142kiew &#8211; Ukraina). Fundacja jest cz\u0142onkiem za\u0142o\u017cycielem Stowarzyszenia Lokalna Grupa Dzia\u0142ania &#8222;Dolina Gie\u0142czwi&#8221;.<\/p>\n<p>Z uwagi na postaw\u0119 spo\u0142eczno\u015bci lokalnej i w\u0142amanie z dewastacj\u0105 biura Fundacji dokonane w lutym 2009 r., dzia\u0142ania w Brzezicach, zawieszono.<\/p>\n<p>Od wiosny 2009 r. dzia\u0142ania Fundacji skupiaj\u0105 si\u0119 g\u0142\u00f3wnie na terenie Gminy Wysokie.<br \/>\nNa podstawie umowy u\u017cyczenia z Gmin\u0105 Wysokie, powo\u0142ane zostaje biuro Fundacji w Gie\u0142czwi Pierwszej.<\/p>\n<p>Od pa\u017adziernika 2009 r. Fundacja u\u017cytkuje r\u00f3wnie\u017c dzia\u0142k\u0119 roln\u0105 o powierzchni 1,18 ha.<\/p>\n","protected":false},"excerpt":{"rendered":"<p>Fundacji Zr\u00f3wnowa\u017conego Rozwoju &#8222;2BS&#8221; Fundacja Zr\u00f3wnowa\u017conego Rozwoju &#8222;2BS&#8221; powsta\u0142a w 2008 r. w Brzezicach, jako niezale\u017cna organizacja pozarz\u0105dowa typu non-for-profit. Jako podstawowy cel dzia\u0142alno\u015bci, za\u0142o\u017cyciele Fundacji okre\u015blili inicjowanie i wspieranie [&hellip;]<\/p>\n","protected":false},"author":1,"featured_media":0,"parent":0,"menu_order":0,"comment_status":"closed","ping_status":"closed","template":"","meta":[],"_links":{"self":[{"href":"https:\/\/www.permakultura.pl\/index.php?rest_route=\/wp\/v2\/pages\/36"}],"collection":[{"href":"https:\/\/www.permakultura.pl\/index.php?rest_route=\/wp\/v2\/pages"}],"about":[{"href":"https:\/\/www.permakultura.pl\/index.php?rest_route=\/wp\/v2\/types\/page"}],"author":[{"embeddable":true,"href":"https:\/\/www.permakultura.pl\/index.php?rest_route=\/wp\/v2\/users\/1"}],"replies":[{"embeddable":true,"href":"https:\/\/www.permakultura.pl\/index.php?rest_route=%2Fwp%2Fv2%2Fcomments&post=36"}],"version-history":[{"count":7,"href":"https:\/\/www.permakultura.pl\/index.php?rest_route=\/wp\/v2\/pages\/36\/revisions"}],"predecessor-version":[{"id":66,"href":"https:\/\/www.permakultura.pl\/index.php?rest_route=\/wp\/v2\/pages\/36\/revisions\/66"}],"wp:attachment":[{"href":"https:\/\/www.permakultura.pl\/index.php?rest_route=%2Fwp%2Fv2%2Fmedia&parent=36"}],"curies":[{"name":"wp","href":"https:\/\/api.w.org\/{rel}","templated":true}]}}